{"id":209,"date":"2017-11-03T00:39:06","date_gmt":"2017-11-03T00:39:06","guid":{"rendered":"https:\/\/phongvengoisao.com\/?page_id=209"},"modified":"2024-10-17T11:31:57","modified_gmt":"2024-10-17T11:31:57","slug":"gioi-thieu","status":"publish","type":"page","link":"https:\/\/dulichngoisao.com\/?page_id=209","title":{"rendered":"Gi\u1edbi thi\u1ec7u"},"content":{"rendered":"<p><strong>C\u00f4ng ty C\u1ed5 ph\u1ea7n du l\u1ecbch v\u00e0 th\u01b0\u01a1ng m\u1ea1i Ng\u00f4i sao ( STARTOUR ) <\/strong>\u0111\u01b0\u1ee3c th\u00e0nh l\u1eadp\u00a0 t\u1eeb n\u0103m 2009, v\u00e0 \u0111\u01b0\u1ee3c v\u1eadn h\u00e0nh b\u1edfi nh\u1eefng ng\u01b0\u1eddi tr\u1ebb, n\u0103ng \u0111\u1ed9ng, s\u00e1ng t\u1ea1o, lu\u00f4n t\u00ecm t\u00f2i nh\u1eefng xu h\u01b0\u1edbng du l\u1ecbch m\u1edbi v\u00e0 kh\u00f4ng ng\u1eebng n\u00e2ng cao ch\u1ea5t l\u01b0\u1ee3ng d\u1ecbch v\u1ee5 nh\u1eb1m mang l\u1ea1i cho kh\u00e1ch h\u00e0ng s\u1ef1 h\u00e0i l\u00f2ng v\u00e0 nh\u1eefng tr\u1ea3i nghi\u1ec7m l\u00fd th\u00fa trong m\u1ed7i chuy\u1ebfn \u0111i.<\/p>\n<p>STAR TOUR ho\u1ea1t \u0111\u1ed9ng v\u1edbi ph\u01b0\u01a1ng ch\u00e2m <strong>&#8220;T\u1eacN T\u00c2M \u2013 UY T\u00cdN \u2013 CH\u1ea4T L\u01af\u1ee2NG&#8221;<\/strong> ch\u00fang t\u00f4i c\u00f9ng \u0111\u1ed9i ng\u0169 nh\u00e2n vi\u00ean \u0111\u00e3 ho\u1ea1t \u0111\u1ed9ng nhi\u1ec1u n\u0103m trong l\u0129nh v\u1ef1c l\u1eef h\u00e0nh chuy\u00ean T\u1ed5 ch\u1ee9c, \u0111i\u1ec1u h\u00e0nh tour du l\u1ecbch; H\u1ed7 tr\u1ee3 qu\u00fd kh\u00e1ch h\u00e0ng \u0111\u1eb7t ph\u00f2ng kh\u00e1ch s\u1ea1n; H\u1ed7 tr\u1ee3 \u0111\u1eb7t v\u00e9 m\u00e1y bay trong n\u01b0\u1edbc v\u00e0 qu\u1ed1c t\u1ebf\u00a0 c\u0169ng nh\u01b0 c\u00e1c d\u1ecbch v\u1ee5 du l\u1ecbch\u00a0 \u0111i k\u00e8m.<\/p>\n<p>Ch\u00fang t\u00f4i cam k\u1ebft mang \u0111\u1ebfn cho qu\u00fd kh\u00e1ch h\u00e0ng s\u1ef1 tin t\u01b0\u1edfng v\u1ec1 ch\u1ea5t l\u01b0\u1ee3ng h\u00e0i l\u00f2ng v\u1ec1 ch\u1ea5t l\u01b0\u1ee3ng d\u1ecbch v\u1ee5. M\u1ee5c ti\u00eau \u0111em \u0111\u1ebfn cho Qu\u00fd kh\u00e1ch h\u00e0ng\u00a0<strong>\u201cH\u00c0NH TR\u00ccNH TR\u1eccN NI\u1ec0M VUI<\/strong>\u201d cu\u0300ng ch\u00ednh s\u00e1ch \u0111a d\u1ea1ng h\u00f3a s\u1ea3n ph\u1ea9m va\u0300 ba\u0309o \u0111a\u0309m th\u01b0\u0323c hi\u00ea\u0323n \u0111u\u0301ng nh\u01b0\u0303ng cam k\u00ea\u0301t cu\u0309a mi\u0300nh, STARTOUR\u00a0 s\u1ebd l\u00e0 \u0111\u01a1n v\u1ecb, \u0111\u00f4\u0301i ta\u0301c tin c\u1eady cho Qu\u00fd Kh\u00e1ch H\u00e0ng, la\u0300 th\u01b0\u01a1ng hi\u00ea\u0323u ha\u0300ng \u0111\u00e2\u0300u v\u00ea\u0300 ch\u00e2\u0301t l\u01b0\u01a1\u0323ng va\u0300 phong ca\u0301ch phu\u0323c vu\u0323 chuy\u00ean nghi\u00ea\u0323p.<\/p>\n<p>Ch\u00fang t\u00f4i r\u1ea5t mong s\u1ef1 quan t\u00e2m, tin y\u00eau v\u00e0 \u1ee7ng h\u1ed9 c\u1ee7a Qu\u00fd kh\u00e1ch h\u00e0ng t\u1edbi\u00a0 STARTOUR<\/p>\n<p>&nbsp;<\/p>\n","protected":false},"excerpt":{"rendered":"<p>C\u00f4ng ty C\u1ed5 ph\u1ea7n du l\u1ecbch v\u00e0 th\u01b0\u01a1ng m\u1ea1i Ng\u00f4i sao ( STARTOUR ) \u0111\u01b0\u1ee3c th\u00e0nh l\u1eadp\u00a0 t\u1eeb n\u0103m 2009, v\u00e0 \u0111\u01b0\u1ee3c v\u1eadn h\u00e0nh b\u1edfi nh\u1eefng ng\u01b0\u1eddi tr\u1ebb, n\u0103ng \u0111\u1ed9ng, s\u00e1ng t\u1ea1o, lu\u00f4n t\u00ecm t\u00f2i nh\u1eefng xu h\u01b0\u1edbng du l\u1ecbch m\u1edbi v\u00e0 kh\u00f4ng ng\u1eebng n\u00e2ng cao ch\u1ea5t l\u01b0\u1ee3ng d\u1ecbch v\u1ee5 nh\u1eb1m mang l\u1ea1i cho kh\u00e1ch&#8230;<\/p>\n","protected":false},"author":1,"featured_media":985,"parent":0,"menu_order":0,"comment_status":"closed","ping_status":"closed","template":"page-left-sidebar.php","meta":{"footnotes":""},"class_list":["post-209","page","type-page","status-publish","has-post-thumbnail","hentry"],"_links":{"self":[{"href":"https:\/\/dulichngoisao.com\/index.php?rest_route=\/wp\/v2\/pages\/209","targetHints":{"allow":["GET"]}}],"collection":[{"href":"https:\/\/dulichngoisao.com\/index.php?rest_route=\/wp\/v2\/pages"}],"about":[{"href":"https:\/\/dulichngoisao.com\/index.php?rest_route=\/wp\/v2\/types\/page"}],"author":[{"embeddable":true,"href":"https:\/\/dulichngoisao.com\/index.php?rest_route=\/wp\/v2\/users\/1"}],"replies":[{"embeddable":true,"href":"https:\/\/dulichngoisao.com\/index.php?rest_route=%2Fwp%2Fv2%2Fcomments&post=209"}],"version-history":[{"count":6,"href":"https:\/\/dulichngoisao.com\/index.php?rest_route=\/wp\/v2\/pages\/209\/revisions"}],"predecessor-version":[{"id":988,"href":"https:\/\/dulichngoisao.com\/index.php?rest_route=\/wp\/v2\/pages\/209\/revisions\/988"}],"wp:featuredmedia":[{"embeddable":true,"href":"https:\/\/dulichngoisao.com\/index.php?rest_route=\/wp\/v2\/media\/985"}],"wp:attachment":[{"href":"https:\/\/dulichngoisao.com\/index.php?rest_route=%2Fwp%2Fv2%2Fmedia&parent=209"}],"curies":[{"name":"wp","href":"https:\/\/api.w.org\/{rel}","templated":true}]}}