{"id":211,"date":"2017-11-03T00:39:36","date_gmt":"2017-11-03T00:39:36","guid":{"rendered":"https:\/\/phongvengoisao.com\/?page_id=211"},"modified":"2023-03-09T05:15:44","modified_gmt":"2023-03-09T05:15:44","slug":"lien-he","status":"publish","type":"page","link":"https:\/\/dulichngoisao.com\/?page_id=211","title":{"rendered":"Li\u00ean h\u1ec7"},"content":{"rendered":"<div class=\"row\"  id=\"row-1402670783\">\n\n\t<div id=\"col-953700697\" class=\"col medium-6 small-12 large-6\"  >\n\t\t\t\t<div class=\"col-inner\"  >\n\t\t\t\n\t\t\t\n<h3><span style=\"font-size: 90%;\">C\u00f4ng ty CP Du l\u1ecbch v\u00e0 th\u01b0\u01a1ng m\u1ea1i Ng\u00f4i Sao<\/span><\/h3>\n<p><strong>Tr\u1ee5 s\u1edf <\/strong><\/p>\n<p><i class=\"fa fa-map-marker\"><\/i>Khu Kh\u1ea3 L\u1ec5 &#8211; Ph\u01b0\u1eddng V\u00f5 C\u01b0\u1eddng &#8211; TP B\u1eafc Ninh &#8211; T\u1ec9nh B\u1eafc Ninh<\/p>\n<p><i class=\"fa fa-phone\"><\/i>0913221229 &#8211; 0986383438<i class=\"fa fa-qrcode\"><\/i><\/p>\n<p><i class=\"fa fa-envelope\"><\/i>hienktv@gmail.com &#8211; hien@dulichngoisao.com<\/p>\n<p><i class=\"fa fa-globe\"><\/i>dulichngoisao.com<\/p>\n<p><i class=\"fa fa-facebook-square\"><\/i>facebook.com\/100067108959386<\/p>\n<p>&#8212;&#8212;&#8212;&#8212;&#8212;&#8212;&#8212;&#8212;&#8212;&#8212;&#8212;&#8212;&#8212;&#8212;&#8211;<\/p>\n\t\t<\/div>\n\t\t\t\t\t<\/div>\n\n\t\n\n\t<div id=\"col-937862525\" class=\"col medium-6 small-12 large-6\"  >\n\t\t\t\t<div class=\"col-inner\"  >\n\t\t\t\n\t\t\t\n<p>\u0110\u1ec3 \u0111\u00f3ng g\u00f3p \u00fd ki\u1ebfn v\u1ec1 ch\u1ea5t l\u01b0\u1ee3ng d\u1ecbch v\u1ee5, c\u0169ng nh\u01b0 c\u00f3 nh\u1eefng y\u00eau c\u1ea7u, th\u1eafc m\u1eafc c\u1ea7n \u0111\u01b0\u1ee3c gi\u1ea3i \u0111\u00e1p, xin vui l\u00f2ng \u0111i\u1ec1n v\u00e0o Form sau \u0111\u00e2y v\u00e0 g\u1eedi \u0111\u1ebfn ch\u00fang t\u00f4i.<\/p>\n<p>Ngay sau khi nh\u1eadn \u0111\u01b0\u1ee3c th\u00f4ng tin, ch\u00fang t\u00f4i s\u1ebd ph\u1ea3n h\u1ed3i v\u1edbi b\u1ea1n trong th\u1eddi gian s\u1edbm nh\u1ea5t.<\/p>\n<p>Xin ch\u00e2n th\u00e0nh c\u1ea3m \u01a1n!<\/p>\n\n<div class=\"wpcf7 no-js\" id=\"wpcf7-f5-o1\" lang=\"vi\" dir=\"ltr\" data-wpcf7-id=\"5\">\n<div class=\"screen-reader-response\"><p role=\"status\" aria-live=\"polite\" aria-atomic=\"true\"><\/p> <ul><\/ul><\/div>\n<form action=\"\/index.php?rest_route=%2Fwp%2Fv2%2Fpages%2F211#wpcf7-f5-o1\" method=\"post\" class=\"wpcf7-form init\" aria-label=\"Form li\u00ean h\u1ec7\" novalidate=\"novalidate\" data-status=\"init\">\n<fieldset class=\"hidden-fields-container\"><input type=\"hidden\" name=\"_wpcf7\" value=\"5\" \/><input type=\"hidden\" name=\"_wpcf7_version\" value=\"6.1.5\" \/><input type=\"hidden\" name=\"_wpcf7_locale\" value=\"vi\" \/><input type=\"hidden\" name=\"_wpcf7_unit_tag\" value=\"wpcf7-f5-o1\" \/><input type=\"hidden\" name=\"_wpcf7_container_post\" value=\"0\" \/><input type=\"hidden\" name=\"_wpcf7_posted_data_hash\" value=\"\" \/>\n<\/fieldset>\n<p><label> H\u1ecd v\u00e0 t\u00ean<br \/>\n<span class=\"wpcf7-form-control-wrap\" data-name=\"your-name\"><input size=\"40\" maxlength=\"400\" class=\"wpcf7-form-control wpcf7-text wpcf7-validates-as-required\" aria-required=\"true\" aria-invalid=\"false\" value=\"\" type=\"text\" name=\"your-name\" \/><\/span> <\/label>\n<\/p>\n<p><label>\u0110i\u1ec7n tho\u1ea1i<br \/>\n<span class=\"wpcf7-form-control-wrap\" data-name=\"dien-thoai\"><input size=\"40\" maxlength=\"400\" class=\"wpcf7-form-control wpcf7-text\" aria-invalid=\"false\" value=\"\" type=\"text\" name=\"dien-thoai\" \/><\/span> <\/label><br \/>\n<label> Email<br \/>\n<span class=\"wpcf7-form-control-wrap\" data-name=\"your-email\"><input size=\"40\" maxlength=\"400\" class=\"wpcf7-form-control wpcf7-email wpcf7-validates-as-required wpcf7-text wpcf7-validates-as-email\" aria-required=\"true\" aria-invalid=\"false\" value=\"\" type=\"email\" name=\"your-email\" \/><\/span> <\/label><br \/>\n<label>\u0110\u1ecba ch\u1ec9<br \/>\n<span class=\"wpcf7-form-control-wrap\" data-name=\"dia-chi\"><input size=\"40\" maxlength=\"400\" class=\"wpcf7-form-control wpcf7-text\" aria-invalid=\"false\" value=\"\" type=\"text\" name=\"dia-chi\" \/><\/span> <\/label>\n<\/p>\n<p><label> Ghi ch\u00fa<br \/>\n<span class=\"wpcf7-form-control-wrap\" data-name=\"your-message\"><textarea cols=\"40\" rows=\"10\" maxlength=\"2000\" class=\"wpcf7-form-control wpcf7-textarea\" aria-invalid=\"false\" name=\"your-message\"><\/textarea><\/span> <\/label>\n<\/p>\n<p><input class=\"wpcf7-form-control wpcf7-submit has-spinner\" type=\"submit\" value=\"G\u1eedi \u0111i\" \/>\n<\/p><div class=\"wpcf7-response-output\" aria-hidden=\"true\"><\/div>\n<\/form>\n<\/div>\n\n\t\t<\/div>\n\t\t\t\t\t<\/div>\n\n\t\n<\/div>\n","protected":false},"excerpt":{"rendered":"","protected":false},"author":1,"featured_media":0,"parent":0,"menu_order":0,"comment_status":"closed","ping_status":"closed","template":"page-left-sidebar.php","meta":{"footnotes":""},"class_list":["post-211","page","type-page","status-publish","hentry"],"_links":{"self":[{"href":"https:\/\/dulichngoisao.com\/index.php?rest_route=\/wp\/v2\/pages\/211","targetHints":{"allow":["GET"]}}],"collection":[{"href":"https:\/\/dulichngoisao.com\/index.php?rest_route=\/wp\/v2\/pages"}],"about":[{"href":"https:\/\/dulichngoisao.com\/index.php?rest_route=\/wp\/v2\/types\/page"}],"author":[{"embeddable":true,"href":"https:\/\/dulichngoisao.com\/index.php?rest_route=\/wp\/v2\/users\/1"}],"replies":[{"embeddable":true,"href":"https:\/\/dulichngoisao.com\/index.php?rest_route=%2Fwp%2Fv2%2Fcomments&post=211"}],"version-history":[{"count":4,"href":"https:\/\/dulichngoisao.com\/index.php?rest_route=\/wp\/v2\/pages\/211\/revisions"}],"predecessor-version":[{"id":668,"href":"https:\/\/dulichngoisao.com\/index.php?rest_route=\/wp\/v2\/pages\/211\/revisions\/668"}],"wp:attachment":[{"href":"https:\/\/dulichngoisao.com\/index.php?rest_route=%2Fwp%2Fv2%2Fmedia&parent=211"}],"curies":[{"name":"wp","href":"https:\/\/api.w.org\/{rel}","templated":true}]}}