{"id":592,"date":"2024-12-26T00:00:11","date_gmt":"2024-12-26T00:00:11","guid":{"rendered":"https:\/\/phongvengoisao.com\/?post_type=product&#038;p=592"},"modified":"2024-11-26T10:02:10","modified_gmt":"2024-11-26T10:02:10","slug":"tour-binh-dinh-phu-yen-ve-mien-xu-nau","status":"publish","type":"product","link":"https:\/\/dulichngoisao.com\/?product=tour-binh-dinh-phu-yen-ve-mien-xu-nau","title":{"rendered":"TOUR  B\u00ccNH \u0110\u1ecaNH PH\u00da Y\u00caN \u2013 V\u1ec0 MI\u1ec0N X\u1ee8 N\u1eaaU"},"content":{"rendered":"<table style=\"height: 226px;\" width=\"1123\">\n<tbody>\n<tr>\n<td width=\"234\">&nbsp;<\/p>\n<p>L\u1ecbch tr\u00ecnh\u00a0 bay :<\/td>\n<td width=\"427\">&nbsp;<\/p>\n<p><strong>H\u00c0 N\u1ed8I-TUY H\u00d2A -H\u00c0 N\u1ed8I<\/strong><\/td>\n<\/tr>\n<tr>\n<td width=\"234\">Th\u1eddi gian\u00a0:<\/td>\n<td width=\"427\">4 ng\u00e0y 3 \u0111\u00eam\u00a0 &#8211; Th\u1ee9\u00a0 6\u00a0 H\u00e0ng tu\u1ea7n th\u00e1ng\u00a0 7-8-9\/2023<\/td>\n<\/tr>\n<tr>\n<td width=\"234\">V\u1eadn chuy\u1ec3n<\/td>\n<td width=\"427\"><strong>M\u00e1y bay bamboo airways\u00a0 20kg &#8211;\u00a0 \u00d4 t\u00f4\u00a0 Theo land tour <\/strong><\/td>\n<\/tr>\n<\/tbody>\n<\/table>\n<p>&nbsp;<\/p>\n","protected":false},"excerpt":{"rendered":"<p>&nbsp; L\u1ecbch tr\u00ecnh\u00a0 bay : &nbsp; H\u00c0 N\u1ed8I-TUY H\u00d2A -H\u00c0 N\u1ed8I Th\u1eddi gian\u00a0: 4 ng\u00e0y 3 \u0111\u00eam\u00a0 &#8211; Th\u1ee9\u00a0 6\u00a0 H\u00e0ng tu\u1ea7n th\u00e1ng\u00a0 7-8-9\/2023 V\u1eadn chuy\u1ec3n M\u00e1y bay bamboo airways\u00a0 20kg &#8211;\u00a0 \u00d4 t\u00f4\u00a0 Theo land tour &nbsp;<\/p>\n","protected":false},"featured_media":739,"comment_status":"open","ping_status":"closed","template":"","meta":[],"product_brand":[],"product_cat":[54],"product_tag":[],"class_list":{"0":"post-592","1":"product","2":"type-product","3":"status-publish","4":"has-post-thumbnail","6":"product_cat-chua-phan-loai","8":"first","9":"instock","10":"shipping-taxable","11":"purchasable","12":"product-type-simple"},"_links":{"self":[{"href":"https:\/\/dulichngoisao.com\/index.php?rest_route=\/wp\/v2\/product\/592","targetHints":{"allow":["GET"]}}],"collection":[{"href":"https:\/\/dulichngoisao.com\/index.php?rest_route=\/wp\/v2\/product"}],"about":[{"href":"https:\/\/dulichngoisao.com\/index.php?rest_route=\/wp\/v2\/types\/product"}],"replies":[{"embeddable":true,"href":"https:\/\/dulichngoisao.com\/index.php?rest_route=%2Fwp%2Fv2%2Fcomments&post=592"}],"wp:featuredmedia":[{"embeddable":true,"href":"https:\/\/dulichngoisao.com\/index.php?rest_route=\/wp\/v2\/media\/739"}],"wp:attachment":[{"href":"https:\/\/dulichngoisao.com\/index.php?rest_route=%2Fwp%2Fv2%2Fmedia&parent=592"}],"wp:term":[{"taxonomy":"product_brand","embeddable":true,"href":"https:\/\/dulichngoisao.com\/index.php?rest_route=%2Fwp%2Fv2%2Fproduct_brand&post=592"},{"taxonomy":"product_cat","embeddable":true,"href":"https:\/\/dulichngoisao.com\/index.php?rest_route=%2Fwp%2Fv2%2Fproduct_cat&post=592"},{"taxonomy":"product_tag","embeddable":true,"href":"https:\/\/dulichngoisao.com\/index.php?rest_route=%2Fwp%2Fv2%2Fproduct_tag&post=592"}],"curies":[{"name":"wp","href":"https:\/\/api.w.org\/{rel}","templated":true}]}}