{"id":594,"date":"2024-12-26T00:00:23","date_gmt":"2024-12-26T00:00:23","guid":{"rendered":"https:\/\/phongvengoisao.com\/?post_type=product&#038;p=594"},"modified":"2024-11-26T10:10:13","modified_gmt":"2024-11-26T10:10:13","slug":"tay-nguyen-pleiku-buon-ma-thuot","status":"publish","type":"product","link":"https:\/\/dulichngoisao.com\/?product=tay-nguyen-pleiku-buon-ma-thuot","title":{"rendered":"T\u00c2Y NGUY\u00caN :  PLEIKU &#8211; BU\u00d4N MA THU\u1ed8T 2024-2025"},"content":{"rendered":"<div class=\"mh-box-info\">\n<p><strong><em>Th\u1eddi gian <\/em><\/strong><strong><em>: 4<\/em><\/strong><strong><em> ng\u00e0y \/ <\/em><\/strong><strong><em>3<\/em><\/strong><strong><em> \u0111\u00eam<\/em><\/strong><\/p>\n<p><strong><em>Ph\u01b0\u01a1ng ti\u1ec7n : M\u00e1y bay\u00a0<\/em><\/strong><\/p>\n<p><em>Bu\u00f4n M\u00ea Thu\u1ed9t \u2013 Th\u00e0nh ph\u1ed1 l\u1edbn b\u1eadc nh\u1ea5t T\u00e2y Nguy\u00ean, th\u1ee7 ph\u1ee7 c\u1ee7a h\u1ed3 ti\u00eau, Cafe. Pleiku n\u01a1i c\u00f3 Bi\u1ec3n H\u1ed3 T\u01a1 N\u01b0ng, v\u1ebft t\u00edch c\u00f2n s\u00f3t l\u1ea1i c\u1ee7a ng\u1ecdn n\u00fai l\u1eeda h\u00e0ng tri\u1ec7u n\u0103m tu\u1ed5i, ng\u00e0y nay th\u00e0nh 1 h\u1ed3 n\u01b0\u1edbc trong xanh, soi b\u00f3ng th\u00f4ng reo vi v\u00fat. Gi\u1eefa \u0111\u1ea1i ng\u00e0n Cao Nguy\u00ean h\u00f9ng v\u0129 \u1ea5y, du kh\u00e1ch nghe vang v\u1ecdng \u0111\u00e2u \u0111\u00e2y ti\u1ebfng C\u1ed3ng Chi\u00eang c\u1ee7a ng\u01b0\u1eddi Bana \u2013 Ede \u2013 Gia Rai \u2013 M\u2019Nong t\u1eeb \u0111\u00e2u \u0111\u00e2y v\u1ecdng l\u1ea1i, ng\u1ed3i nghe k\u1ec3 l\u1ea1i chuy\u1ec7n x\u01b0a c\u1ee7a Vua Amacong s\u0103n voi r\u1eebng, v\u1ec1 l\u1ec5 h\u1ed9i \u0111\u00e2m tr\u00e2u, v\u1ec1 nh\u00e0 m\u1ed3 \u2026\u2026<\/em><\/p>\n<p><em>Ch\u00fang t\u00f4i xin tr\u00e2n tr\u1ecdng g\u1eedi \u0111\u1ebfn qu\u00fd kh\u00e1ch ch\u01b0\u01a1ng tr\u00ecnh <strong>KH\u00c1M PH\u00c1 T\u00c2Y NGUY\u00caN H\u00d9NG V\u0128 <\/strong>&#8211; \u00a0h\u00e0nh tr\u00ecnh \u0111\u1ea7y th\u00fa v\u1ecb v\u1edbi:<\/em><\/p>\n<ul>\n<li><em>Bu\u00f4n M\u00ea Thu\u1ed9t: Th\u1ee7 ph\u1ee7 c\u1ee7a Caf\u00e9 Vi\u1ec7t Nam v\u1edbi Bu\u00f4n \u0110\u00f4n, Bu\u00f4n Jun, H\u1ed3 Lak, L\u00e0ng Caf\u00e9 Trung Nguy\u00ean, Th\u00e1c Dray Nur.<\/em><\/li>\n<li><em>Pleiku: N\u01a1i nh\u1eefng m\u00e1i nh\u00e0 R\u00f4ng \u2013 nh\u00e0 D\u00e0i v\u1eabn ng\u00e0y ng\u00e0y vang v\u1ecdng ti\u1ebfng Gi\u00e0 L\u00e0ng \u0111ang k\u1ec3 chuy\u1ec7n x\u01b0a cho l\u1edbp ch\u00e1u con. Th\u0103m Bi\u1ec3n H\u1ed3 T\u2019N\u01b0ng, L\u00e0ng V\u0103n h\u00f3a Plei \u1ed0p, Ch\u00f9a Minh Th\u00e0nh, Bi\u1ec3n H\u1ed3 \u0110\u1ea3o Ch\u00e8, R\u1eb7ng th\u00f4ng c\u1ed5 th\u1ee5.<\/em><\/li>\n<li><em>N\u01a1i th\u1ee7 ph\u1ee7 c\u1ee7a hoa c\u00e0 ph\u00ea r\u1ef1c r\u1ee1 &#8211; nh\u01b0 b\u1ea3n t\u00ecnh ca tuy\u1ebft tr\u1eafng n\u01a1i x\u1ee9 s\u1edf \u0111\u1ea1i ng\u00e0n<\/em><\/li>\n<\/ul>\n<\/div>\n","protected":false},"excerpt":{"rendered":"<p>Th\u1eddi gian : 4 ng\u00e0y \/ 3 \u0111\u00eam Ph\u01b0\u01a1ng ti\u1ec7n : M\u00e1y bay\u00a0 Bu\u00f4n M\u00ea Thu\u1ed9t \u2013 Th\u00e0nh ph\u1ed1 l\u1edbn b\u1eadc nh\u1ea5t T\u00e2y Nguy\u00ean, th\u1ee7 ph\u1ee7 c\u1ee7a h\u1ed3 ti\u00eau, Cafe. Pleiku n\u01a1i c\u00f3 Bi\u1ec3n H\u1ed3 T\u01a1 N\u01b0ng, v\u1ebft t\u00edch c\u00f2n s\u00f3t l\u1ea1i c\u1ee7a ng\u1ecdn n\u00fai l\u1eeda h\u00e0ng tri\u1ec7u n\u0103m tu\u1ed5i, ng\u00e0y nay th\u00e0nh 1 h\u1ed3&#8230;<\/p>\n","protected":false},"featured_media":689,"comment_status":"open","ping_status":"closed","template":"","meta":[],"product_brand":[],"product_cat":[61],"product_tag":[],"class_list":{"0":"post-594","1":"product","2":"type-product","3":"status-publish","4":"has-post-thumbnail","6":"product_cat-tour-bac-ninh-ha-noi","8":"first","9":"instock","10":"shipping-taxable","11":"purchasable","12":"product-type-simple"},"_links":{"self":[{"href":"https:\/\/dulichngoisao.com\/index.php?rest_route=\/wp\/v2\/product\/594","targetHints":{"allow":["GET"]}}],"collection":[{"href":"https:\/\/dulichngoisao.com\/index.php?rest_route=\/wp\/v2\/product"}],"about":[{"href":"https:\/\/dulichngoisao.com\/index.php?rest_route=\/wp\/v2\/types\/product"}],"replies":[{"embeddable":true,"href":"https:\/\/dulichngoisao.com\/index.php?rest_route=%2Fwp%2Fv2%2Fcomments&post=594"}],"wp:featuredmedia":[{"embeddable":true,"href":"https:\/\/dulichngoisao.com\/index.php?rest_route=\/wp\/v2\/media\/689"}],"wp:attachment":[{"href":"https:\/\/dulichngoisao.com\/index.php?rest_route=%2Fwp%2Fv2%2Fmedia&parent=594"}],"wp:term":[{"taxonomy":"product_brand","embeddable":true,"href":"https:\/\/dulichngoisao.com\/index.php?rest_route=%2Fwp%2Fv2%2Fproduct_brand&post=594"},{"taxonomy":"product_cat","embeddable":true,"href":"https:\/\/dulichngoisao.com\/index.php?rest_route=%2Fwp%2Fv2%2Fproduct_cat&post=594"},{"taxonomy":"product_tag","embeddable":true,"href":"https:\/\/dulichngoisao.com\/index.php?rest_route=%2Fwp%2Fv2%2Fproduct_tag&post=594"}],"curies":[{"name":"wp","href":"https:\/\/api.w.org\/{rel}","templated":true}]}}