{"id":596,"date":"2024-12-26T00:00:26","date_gmt":"2024-12-26T00:00:26","guid":{"rendered":"https:\/\/phongvengoisao.com\/?post_type=product&#038;p=596"},"modified":"2024-11-26T10:02:43","modified_gmt":"2024-11-26T10:02:43","slug":"kham-pha-song-nuoc-mien-tay-4-ngay","status":"publish","type":"product","link":"https:\/\/dulichngoisao.com\/?product=kham-pha-song-nuoc-mien-tay-4-ngay","title":{"rendered":"KH\u00c1M PH\u00c1 S\u00d4NG N\u01af\u1edaC MI\u1ec0N T\u00c2Y 4 NG\u00c0Y"},"content":{"rendered":"<p><strong>H\u00c0 N\u1ed8I &#8211; C\u1ea6N TH\u01a0 &#8211; S\u00d3C TR\u0102NG &#8211; B\u1ea0C LI\u00caU &#8211; C\u00c0 MAU &#8211; \u0110\u1ea4T M\u0168I &#8211; CH\u00c2U \u0110\u1ed0C &#8211; C\u1ea6N TH\u01a0 &#8211; H\u00c0 N\u1ed8I<\/strong><\/p>\n<p>Th\u1eddi gian: 4 ng\u00e0y 3 \u0111\u00eam<\/p>\n<p>Ph\u01b0\u01a1ng ti\u1ec7n: <strong>M\u00e1y bay Bamboo Airways + \u00f4t\u00f4<\/strong><\/p>\n<p><strong>Kh\u1edfi h\u00e0nh: Th\u00e1ng 4,5,6\/2023\u00a0<\/strong><\/p>\n<p><em>T\u1ea1o h\u00f3a \u0111\u00e3 ban t\u1eb7ng cho mi\u1ec1n T\u00e2y c\u00e1i \u0111\u1eb9p m\u1ed9c m\u1ea1c m\u00e0 n\u00ean th\u01a1, v\u1edbi nh\u1eefng c\u00e1nh \u0111\u1ed3ng xanh b\u00e1t ng\u00e1t, nh\u1eefng mi\u1ec7t v\u01b0\u1eddn sai qu\u1ea3, nh\u1eefng ng\u1ea3 \u0111\u01b0\u1eddng tr\u0129u n\u1eb7ng ph\u00f9 sa. \u0110\u1eb7c bi\u1ec7t, du kh\u00e1ch s\u1ebd \u0111\u01b0\u1ee3c xu\u00f4i v\u1ec1 mi\u1ec1n sang n\u01b0\u1edbc h\u1eefu t\u00ecnh n\u00e0y \u0111\u1ec3 chu du, th\u01b0\u1edfng ngo\u1ea1n v\u00e0 tr\u1ea3i nghi\u1ec7m nh\u1eefng \u0111i\u1ec1u b\u00ecnh d\u1ecb, ch\u00e2n ph\u01b0\u01a1ng.<\/em><\/p>\n<p><strong>Nh\u1eefng \u0111i\u1ec3m h\u1ea5p d\u1eabn trong h\u00e0nh tr\u00ecnh:<\/strong><\/p>\n<ul>\n<li><em>Tr\u1ea3i nghi\u1ec7m n\u00e9t v\u0103n h\u00f3a mua b\u00e1n tr\u00ean sang \u0111\u1eb7c th\u00f9 c\u1ee7a ng\u01b0\u1eddi d\u00e2n Nam B\u1ed9 t\u1ea1i ch\u1ee3 n\u1ed5i C\u00e1i R\u0103ng \u2013 m\u1ed9t trong nh\u1eefng khu ch\u1ee3 l\u1edbn nh\u1ea5t \u0110\u1ed3ng B\u1eb1ng sang C\u1eedu Long.<\/em><\/li>\n<li><em>Kh\u00e1m ph\u00e1 Mi\u1ec7t V\u01b0\u1eddn Nam B\u1ed9 v\u1edbi v\u01b0\u1eddn c\u00e2y tr\u00e1i xum xu\u00ea.<\/em><\/li>\n<li><em>Kh\u00e1m ph\u00e1 mi\u1ec1n c\u1ef1c Nam c\u1ee7a \u0111\u1ea5t n\u01b0\u1edbc, c\u0169ng l\u00e0 n\u01a1i khai ph\u00e1 cu\u1ed1i c\u00f9ng c\u1ee7a l\u01b0u d\u00e2n \u0111i m\u1edf c\u00f5i \u0111\u1ea5t ph\u01b0\u01a1ng Nam.<\/em><\/li>\n<li><em>Check in c\u1ed9t m\u1ed1c t\u1ecda \u0111\u1ed9 c\u1ef1c Nam t\u1ed5 qu\u1ed1c v\u00e0 bi\u1ec3u t\u01b0\u1ee3ng m\u0169i thuy\u1ec1n C\u00e0 Mau.<\/em><\/li>\n<li><em>Nh\u00e0 c\u00f4ng t\u1eed B\u1ea1c Li\u00eau &#8211; N\u01a1i ch\u1ee9ng nh\u00e2n cho truy\u1ec1n k\u1ef3 \u0103n ch\u01a1i c\u1ee7a C\u00f4ng t\u1eed B\u1ea1c Li\u00eau.<\/em><\/li>\n<li><em>Check in c\u00f4ng tr\u00ecnh \u0110i\u1ec7n Gi\u00f3 B\u1ea1c Li\u00eau<\/em><\/li>\n<li><em>Mi\u1ebfu B\u00e0 Ch\u00faa X\u1ee9 &#8211; \u0111i\u1ec3m t\u1ef1a t\u00e2m linh c\u1ee7a ng\u01b0\u1eddi d\u00e2n kh\u1eafp n\u01a1i tr\u00ean c\u1ea3 n\u01b0\u1edbc.<\/em><\/li>\n<li><em>Cano xuy\u00ean r\u1eebng, v\u01b0\u1ee3t s\u00f3ng \u0111\u1ebfn v\u1edbi \u0110\u1ea5t M\u0169i.<\/em><\/li>\n<li><em>Len l\u1ecfi d\u01b0\u1edbi khu r\u1eebng Tr\u00e0m Tr\u00e0 S\u01b0 Ch\u00e2u \u0110\u1ed1c, \u0111\u1ed9c \u0111\u00e1o v\u1edbi sang ng\u00e0n &#8211; v\u1ea1n con c\u00f2 v\u1ea1c.<\/em><\/li>\n<\/ul>\n<p><strong>L\u1ecaCH KH\u1edeI H\u00c0NH CHI TI\u1ebeT<\/strong><\/p>\n<table style=\"height: 589px;\" width=\"988\">\n<tbody>\n<tr>\n<td width=\"42\"><strong>STT<\/strong><\/td>\n<td width=\"125\"><strong>H\u00c0NH TR\u00ccNH <\/strong><\/td>\n<td width=\"98\"><strong>NG\u00c0Y \u0110I<\/strong><\/td>\n<td width=\"57\"><strong>GI\u1edc BAY<\/strong><\/td>\n<td width=\"70\"><strong>SHCB<\/strong><\/td>\n<td width=\"95\"><strong>NG\u00c0Y V\u1ec0<\/strong><\/td>\n<td width=\"62\"><strong>GI\u1edc BAY<\/strong><\/td>\n<td width=\"70\"><strong>SHCB<\/strong><\/td>\n<td width=\"63\"><strong>SL<\/strong><\/td>\n<\/tr>\n<tr>\n<td width=\"42\">1<\/td>\n<td width=\"125\">HANVCAHAN<\/td>\n<td width=\"98\">08\/04\/2023<\/td>\n<td width=\"57\">5:55<\/td>\n<td width=\"70\">QH1433<\/td>\n<td width=\"95\">11\/04\/2023<\/td>\n<td width=\"62\">20:55<\/td>\n<td width=\"70\">QH1432<\/td>\n<td width=\"63\">25<\/td>\n<\/tr>\n<tr>\n<td width=\"42\">2<\/td>\n<td width=\"125\">HANVCAHAN<\/td>\n<td width=\"98\">15\/04\/2023<\/td>\n<td width=\"57\">5:55<\/td>\n<td width=\"70\">QH1433<\/td>\n<td width=\"95\">18\/04\/2023<\/td>\n<td width=\"62\">20:55<\/td>\n<td width=\"70\">QH1432<\/td>\n<td width=\"63\">25<\/td>\n<\/tr>\n<tr>\n<td width=\"42\">3<\/td>\n<td width=\"125\">HANVCAHAN<\/td>\n<td width=\"98\">22\/04\/2023<\/td>\n<td width=\"57\">5:55<\/td>\n<td width=\"70\">QH1433<\/td>\n<td width=\"95\">25\/04\/2023<\/td>\n<td width=\"62\">20:55<\/td>\n<td width=\"70\">QH1432<\/td>\n<td width=\"63\">25<\/td>\n<\/tr>\n<tr>\n<td width=\"42\">4<\/td>\n<td width=\"125\">HANVCAHAN<\/td>\n<td width=\"98\">13\/05\/2023<\/td>\n<td width=\"57\">5:55<\/td>\n<td width=\"70\">QH1433<\/td>\n<td width=\"95\">16\/05\/2023<\/td>\n<td width=\"62\">20:55<\/td>\n<td width=\"70\">QH1432<\/td>\n<td width=\"63\">25<\/td>\n<\/tr>\n<tr>\n<td width=\"42\">5<\/td>\n<td width=\"125\">HANVCAHAN<\/td>\n<td width=\"98\">20\/05\/2023<\/td>\n<td width=\"57\">5:55<\/td>\n<td width=\"70\">QH1433<\/td>\n<td width=\"95\">23\/05\/2023<\/td>\n<td width=\"62\">20:55<\/td>\n<td width=\"70\">QH1432<\/td>\n<td width=\"63\">25<\/td>\n<\/tr>\n<tr>\n<td width=\"42\">6<\/td>\n<td width=\"125\">HANVCAHAN<\/td>\n<td width=\"98\">27\/05\/2023<\/td>\n<td width=\"57\">5:55<\/td>\n<td width=\"70\">QH1433<\/td>\n<td width=\"95\">30\/05\/2023<\/td>\n<td width=\"62\">20:55<\/td>\n<td width=\"70\">QH1432<\/td>\n<td width=\"63\">25<\/td>\n<\/tr>\n<tr>\n<td width=\"42\">7<\/td>\n<td width=\"125\">HANVCAHAN<\/td>\n<td width=\"98\">03\/06\/2023<\/td>\n<td width=\"57\">5:55<\/td>\n<td width=\"70\">QH1433<\/td>\n<td width=\"95\">06\/06\/2023<\/td>\n<td width=\"62\">20:55<\/td>\n<td width=\"70\">QH1432<\/td>\n<td width=\"63\">25<\/td>\n<\/tr>\n<tr>\n<td width=\"42\">8<\/td>\n<td width=\"125\">HANVCAHAN<\/td>\n<td width=\"98\">10\/06\/2023<\/td>\n<td width=\"57\">5:55<\/td>\n<td width=\"70\">QH1433<\/td>\n<td width=\"95\">13\/06\/2023<\/td>\n<td width=\"62\">20:55<\/td>\n<td width=\"70\">QH1432<\/td>\n<td width=\"63\">25<\/td>\n<\/tr>\n<tr>\n<td width=\"42\">9<\/td>\n<td width=\"125\">HANVCAHAN<\/td>\n<td width=\"98\">17\/06\/2023<\/td>\n<td width=\"57\">5:55<\/td>\n<td width=\"70\">QH1433<\/td>\n<td width=\"95\">20\/06\/2023<\/td>\n<td width=\"62\">20:55<\/td>\n<td width=\"70\">QH1432<\/td>\n<td width=\"63\">25<\/td>\n<\/tr>\n<\/tbody>\n<\/table>\n","protected":false},"excerpt":{"rendered":"<p>H\u00c0 N\u1ed8I &#8211; C\u1ea6N TH\u01a0 &#8211; S\u00d3C TR\u0102NG &#8211; B\u1ea0C LI\u00caU &#8211; C\u00c0 MAU &#8211; \u0110\u1ea4T M\u0168I &#8211; CH\u00c2U \u0110\u1ed0C &#8211; C\u1ea6N TH\u01a0 &#8211; H\u00c0 N\u1ed8I Th\u1eddi gian: 4 ng\u00e0y 3 \u0111\u00eam Ph\u01b0\u01a1ng ti\u1ec7n: M\u00e1y bay Bamboo Airways + \u00f4t\u00f4 Kh\u1edfi h\u00e0nh: Th\u00e1ng 4,5,6\/2023\u00a0 T\u1ea1o h\u00f3a \u0111\u00e3 ban t\u1eb7ng cho mi\u1ec1n T\u00e2y c\u00e1i \u0111\u1eb9p m\u1ed9c&#8230;<\/p>\n","protected":false},"featured_media":683,"comment_status":"open","ping_status":"closed","template":"","meta":[],"product_brand":[],"product_cat":[54],"product_tag":[],"class_list":{"0":"post-596","1":"product","2":"type-product","3":"status-publish","4":"has-post-thumbnail","6":"product_cat-chua-phan-loai","8":"first","9":"instock","10":"shipping-taxable","11":"purchasable","12":"product-type-simple"},"_links":{"self":[{"href":"https:\/\/dulichngoisao.com\/index.php?rest_route=\/wp\/v2\/product\/596","targetHints":{"allow":["GET"]}}],"collection":[{"href":"https:\/\/dulichngoisao.com\/index.php?rest_route=\/wp\/v2\/product"}],"about":[{"href":"https:\/\/dulichngoisao.com\/index.php?rest_route=\/wp\/v2\/types\/product"}],"replies":[{"embeddable":true,"href":"https:\/\/dulichngoisao.com\/index.php?rest_route=%2Fwp%2Fv2%2Fcomments&post=596"}],"wp:featuredmedia":[{"embeddable":true,"href":"https:\/\/dulichngoisao.com\/index.php?rest_route=\/wp\/v2\/media\/683"}],"wp:attachment":[{"href":"https:\/\/dulichngoisao.com\/index.php?rest_route=%2Fwp%2Fv2%2Fmedia&parent=596"}],"wp:term":[{"taxonomy":"product_brand","embeddable":true,"href":"https:\/\/dulichngoisao.com\/index.php?rest_route=%2Fwp%2Fv2%2Fproduct_brand&post=596"},{"taxonomy":"product_cat","embeddable":true,"href":"https:\/\/dulichngoisao.com\/index.php?rest_route=%2Fwp%2Fv2%2Fproduct_cat&post=596"},{"taxonomy":"product_tag","embeddable":true,"href":"https:\/\/dulichngoisao.com\/index.php?rest_route=%2Fwp%2Fv2%2Fproduct_tag&post=596"}],"curies":[{"name":"wp","href":"https:\/\/api.w.org\/{rel}","templated":true}]}}