{"id":713,"date":"2024-03-26T07:48:08","date_gmt":"2024-03-26T07:48:08","guid":{"rendered":"https:\/\/phongvengoisao.com\/?post_type=product&#038;p=713"},"modified":"2024-11-26T11:58:33","modified_gmt":"2024-11-26T11:58:33","slug":"tour-con-dao-tron-goi-2023-3n2d","status":"publish","type":"product","link":"https:\/\/dulichngoisao.com\/?product=tour-con-dao-tron-goi-2023-3n2d","title":{"rendered":"TOUR C\u00d4N \u0110\u1ea2O TR\u1eccN G\u00d3I (3N2\u0110)"},"content":{"rendered":"<p><strong>Tour du l\u1ecbch C\u00f4n \u0110\u1ea3o 3 ng\u00e0y 2 \u0111\u00eam<\/strong>\u00a0s\u1ebd \u0111\u01b0a du kh\u00e1ch v\u1ec1 v\u1edbi m\u1ea3nh \u0111\u1ea5t l\u1ecbch s\u1eed n\u01a1i ghi d\u1ea5u \u1ea5n m\u1ed9t th\u1eddi. Cho t\u1edbi nay m\u1eb7c d\u00f9 chi\u1ebfn tranh \u0111\u00e3 l\u00f9i xa nh\u01b0ng m\u1ea3nh \u0111\u1ea5t \u1ea5y &#8211; m\u1ed9t C\u00f4n \u0110\u1ea3o ki\u00ean trung v\u1edbi nh\u1eefng \u0111i\u1ec3m son h\u00e0o h\u00f9ng, ch\u00f3i l\u1ecdi\u2026 V\u1ec1 th\u0103m l\u1ea1i\u00a0C\u00f4n \u00d0\u1ea3o h\u00f4m nay, du kh\u00e1ch s\u1ebd c\u1ea3m nh\u1eadn \u0111\u01b0\u1ee3c v\u00e0 hi\u1ec3u th\u00eam m\u1ed9t cu\u1ed9c s\u1ed1ng m\u00e3nh li\u1ec7t \u0111ang thay da \u0111\u1ed5i th\u1ecb t\u1eebng ng\u00e0y.\u00a0 V\u1edbi nh\u1eefng b\u00e3i bi\u1ec3n c\u00e1t tr\u1eafng, nh\u1eefng d\u1ea3i San H\u00f4 \u0111\u1ea7y m\u00e0u s\u1eafc v\u00e0 th\u1ebf gi\u1edbi s\u1ed1ng \u0111\u1ed9ng d\u01b0\u1edbi m\u1eb7t n\u01b0\u1edbc trong xanh, nh\u1eefng c\u1ea3nh quan thi\u00ean nhi\u00ean hoang s\u01a1 v\u00e0 m\u00f4i tr\u01b0\u1eddng trong l\u00e0nh th\u00e2n thi\u1ec7n s\u1ebd c\u00f2n \u0111\u1ecdng l\u1ea1i trong l\u00f2ng m\u1ed7i du kh\u00e1ch m\u1ed9t c\u1ea3m x\u00fac tuy\u1ec7t v\u1eddi d\u00e0nh cho C\u00f4n \u0110\u1ea3o.<\/p>\n","protected":false},"excerpt":{"rendered":"<p>Tour du l\u1ecbch C\u00f4n \u0110\u1ea3o 3 ng\u00e0y 2 \u0111\u00eam\u00a0s\u1ebd \u0111\u01b0a du kh\u00e1ch v\u1ec1 v\u1edbi m\u1ea3nh \u0111\u1ea5t l\u1ecbch s\u1eed n\u01a1i ghi d\u1ea5u \u1ea5n m\u1ed9t th\u1eddi. Cho t\u1edbi nay m\u1eb7c d\u00f9 chi\u1ebfn tranh \u0111\u00e3 l\u00f9i xa nh\u01b0ng m\u1ea3nh \u0111\u1ea5t \u1ea5y &#8211; m\u1ed9t C\u00f4n \u0110\u1ea3o ki\u00ean trung v\u1edbi nh\u1eefng \u0111i\u1ec3m son h\u00e0o h\u00f9ng, ch\u00f3i l\u1ecdi\u2026 V\u1ec1 th\u0103m l\u1ea1i\u00a0C\u00f4n&#8230;<\/p>\n","protected":false},"featured_media":714,"comment_status":"open","ping_status":"closed","template":"","meta":[],"product_brand":[],"product_cat":[57],"product_tag":[],"class_list":{"0":"post-713","1":"product","2":"type-product","3":"status-publish","4":"has-post-thumbnail","6":"product_cat-tour-noi-bat","8":"first","9":"instock","10":"shipping-taxable","11":"purchasable","12":"product-type-simple"},"_links":{"self":[{"href":"https:\/\/dulichngoisao.com\/index.php?rest_route=\/wp\/v2\/product\/713","targetHints":{"allow":["GET"]}}],"collection":[{"href":"https:\/\/dulichngoisao.com\/index.php?rest_route=\/wp\/v2\/product"}],"about":[{"href":"https:\/\/dulichngoisao.com\/index.php?rest_route=\/wp\/v2\/types\/product"}],"replies":[{"embeddable":true,"href":"https:\/\/dulichngoisao.com\/index.php?rest_route=%2Fwp%2Fv2%2Fcomments&post=713"}],"wp:featuredmedia":[{"embeddable":true,"href":"https:\/\/dulichngoisao.com\/index.php?rest_route=\/wp\/v2\/media\/714"}],"wp:attachment":[{"href":"https:\/\/dulichngoisao.com\/index.php?rest_route=%2Fwp%2Fv2%2Fmedia&parent=713"}],"wp:term":[{"taxonomy":"product_brand","embeddable":true,"href":"https:\/\/dulichngoisao.com\/index.php?rest_route=%2Fwp%2Fv2%2Fproduct_brand&post=713"},{"taxonomy":"product_cat","embeddable":true,"href":"https:\/\/dulichngoisao.com\/index.php?rest_route=%2Fwp%2Fv2%2Fproduct_cat&post=713"},{"taxonomy":"product_tag","embeddable":true,"href":"https:\/\/dulichngoisao.com\/index.php?rest_route=%2Fwp%2Fv2%2Fproduct_tag&post=713"}],"curies":[{"name":"wp","href":"https:\/\/api.w.org\/{rel}","templated":true}]}}