{"id":993,"date":"2024-10-18T07:23:33","date_gmt":"2024-10-18T07:23:33","guid":{"rendered":"https:\/\/dulichngoisao.com\/?post_type=product&#038;p=993"},"modified":"2024-11-26T09:56:59","modified_gmt":"2024-11-26T09:56:59","slug":"tour-tron-goi-ha-noi-moc-chau-2n1d","status":"publish","type":"product","link":"https:\/\/dulichngoisao.com\/?product=tour-tron-goi-ha-noi-moc-chau-2n1d","title":{"rendered":"Tour tr\u1ecdn g\u00f3i H\u00e0 N\u1ecdi\/B\u1eafc Ninh &#8211; M\u1ed9c Ch\u00e2u 2N1D"},"content":{"rendered":"<p>M\u1ed9c Ch\u00e2u l\u00e0 m\u1ed9t huy\u1ec7n thu\u1ed9c t\u1ec9nh S\u01a1n La, n\u1eb1m c\u00e1ch trung t\u00e2m H\u00e0 N\u1ed9i g\u1ea7n 200 km v\u1edbi 4 ti\u1ebfng di chuy\u1ec3n b\u1eb1ng \u00f4t\u00f4. M\u1ed9c Ch\u00e2u s\u1edf h\u1eefu 4 m\u00f9a r\u00f5 r\u1ec7t, c\u00f3 kh\u00ed h\u1eadu cao nguy\u00ean \u00f4n ho\u00e0 n\u00ean m\u00e1t m\u1ebb quanh n\u0103m.\u00a0V\u1edbi c\u1ea3nh s\u1eafc thi\u00ean nhi\u00ean \u0111a d\u1ea1ng v\u00e0 kh\u00ed h\u1eadu d\u1ec5 ch\u1ecbu, th\u1eadt kh\u00f4ng kh\u00f3 \u0111\u1ec3 nh\u1eadn ra.<\/p>\n<p>M\u1ed9c Ch\u00e2u tr\u1edf th\u00e0nh \u0111i\u1ec3m \u0111\u1ebfn v\u00f4 c\u00f9ng l\u00fd t\u01b0\u1edfng cho nhi\u1ec1u du kh\u00e1ch trong v\u00e0 ngo\u00e0i n\u01b0\u1edbc.<\/p>\n<p><span style=\"color: #ff0000;\"><strong><span class=\"text\">Tin kh\u1ea9n t\u1eeb M\u1ed9c ch\u00e2u : V\u01b0\u1eddn Cam \u0111\u00e3 ch\u00edn . V\u01b0\u1eddn h\u1ed3ng c\u0169ng ch\u00edn r\u1ed9, <\/span><span class=\"text\">Hoa m\u1eadn tr\u00e1i v\u1ee5 \u0111\u00e3 n\u1edf <\/span><\/strong><\/span><\/p>\n<p><strong><span class=\"text\" style=\"color: #ff0000;\">TOUR TR\u1eccN G\u00d3I \ud835\udc0c\ud835\udc0e\u0323\u0302\ud835\udc02 \ud835\udc02\ud835\udc07\ud835\udc00\u0302\ud835\udc14 \ud835\udfd0\ud835\udc0d\ud835\udfcf\ud835\udc03 <\/span><\/strong><\/p>\n<p><span class=\"emoji-sizer emoji-outer \">\u274e<\/span><span class=\"text\"> Gi\u00e1 ch\u1ec9: #1790k\/01 kh\u00e1ch <\/span><\/p>\n<p><span class=\"emoji-sizer emoji-outer \">\u274e<\/span><span class=\"text\"> Kh\u1edfi H\u00e0nh: 19\/10 ; 23\/11 ; 21\/12 ; 28\/12 # 1790k <\/span><\/p>\n<p><span class=\"emoji-sizer emoji-outer \">\u274e<\/span><span class=\"text\"> Kh\u1edfi h\u00e0nh M\u1ed3ng 4 t\u1ebft : 01\/2 # 1.990k <\/span><\/p>\n<p><span class=\"text\">\u0110i\u1ec3m \u0111\u00f3n t\u1eeb: TP H\u00e0 N\u1ed9i ; TP B\u1eafc Ninh <\/span><\/p>\n<p><span class=\"text\">\ud835\udc03\ud835\udc08\u0323\ud835\udc02\ud835\udc07 \ud835\udc15\ud835\udc14\u0323 \ud835\udc13\ud835\udc11\ud835\udc0e\u0323\ud835\udc0d \ud835\udc06\ud835\udc0e\u0301\ud835\udc08 \ud835\udc01\ud835\udc00\ud835\udc0e \ud835\udc06\ud835\udc0e\u0302\u0300\ud835\udc0c: <\/span><\/p>\n<p><span class=\"text\">1. Xe 29 ch\u1ed7 \u0111\u01b0a \u0111\u00f3n theo ch\u01b0\u01a1ng tr\u00ecnh <\/span><\/p>\n<p><span class=\"text\">2. HDV su\u1ed1t tuy\u1ebfn nhi\u1ec7t t\u00ecnh vui v\u1ebb <\/span><\/p>\n<p><span class=\"text\">3. 01 \u0111\u00eam t\u1ea1i kh\u00e1ch s\u1ea1n 4 sao Phoenix M\u1ed9c Ch\u00e2u <\/span><\/p>\n<p><span class=\"text\">4. \u0102n 1 b\u1eefa s\u00e1ng buffet &amp; 3 b\u1eefa ch\u00ednh theo h\u00e0nh tr\u00ecnh <\/span><\/p>\n<p><span class=\"text\">5. N\u01b0\u1edbc u\u1ed1ng mi\u1ec5n ph\u00ed tr\u00ean xe <\/span><\/p>\n<p><span class=\"text\">6. B\u1ea3o hi\u1ec3m du l\u1ecbch <\/span><\/p>\n<p><span class=\"text\">7. V\u00e9 tham quan r\u1eebng th\u00f4ng b\u1ea3n \u00e1ng , Th\u00e1c d\u1ea3i y\u1ebfm<\/span><\/p>\n","protected":false},"excerpt":{"rendered":"<p>M\u1ed9c Ch\u00e2u l\u00e0 m\u1ed9t huy\u1ec7n thu\u1ed9c t\u1ec9nh S\u01a1n La, n\u1eb1m c\u00e1ch trung t\u00e2m H\u00e0 N\u1ed9i g\u1ea7n 200 km v\u1edbi 4 ti\u1ebfng di chuy\u1ec3n b\u1eb1ng \u00f4t\u00f4. M\u1ed9c Ch\u00e2u s\u1edf h\u1eefu 4 m\u00f9a r\u00f5 r\u1ec7t, c\u00f3 kh\u00ed h\u1eadu cao nguy\u00ean \u00f4n ho\u00e0 n\u00ean m\u00e1t m\u1ebb quanh n\u0103m.\u00a0V\u1edbi c\u1ea3nh s\u1eafc thi\u00ean nhi\u00ean \u0111a d\u1ea1ng v\u00e0 kh\u00ed h\u1eadu d\u1ec5 ch\u1ecbu, th\u1eadt kh\u00f4ng kh\u00f3 \u0111\u1ec3 nh\u1eadn ra.<\/p>\n<p>M\u1ed9c Ch\u00e2u tr\u1edf th\u00e0nh \u0111i\u1ec3m \u0111\u1ebfn v\u00f4 c\u00f9ng l\u00fd t\u01b0\u1edfng cho nhi\u1ec1u du kh\u00e1ch trong v\u00e0 ngo\u00e0i n\u01b0\u1edbc.<\/p>\n<p><span style=\"color: #ff0000;\"><strong><span class=\"text\">Tin kh\u1ea9n t\u1eeb M\u1ed9c ch\u00e2u : V\u01b0\u1eddn Cam \u0111\u00e3 ch\u00edn . V\u01b0\u1eddn h\u1ed3ng c\u0169ng ch\u00edn r\u1ed9, <\/span><span class=\"text\">Hoa m\u1eadn tr\u00e1i v\u1ee5 \u0111\u00e3 n\u1edf <\/span><\/strong><\/span><\/p>\n<p><strong><span class=\"text\" style=\"color: #ff0000;\">TOUR TR\u1eccN G\u00d3I \ud835\udc0c\ud835\udc0e\u0323\u0302\ud835\udc02 \ud835\udc02\ud835\udc07\ud835\udc00\u0302\ud835\udc14 \ud835\udfd0\ud835\udc0d\ud835\udfcf\ud835\udc03 <\/span><\/strong><\/p>\n<p><span class=\"emoji-sizer emoji-outer \">\u274e<\/span><span class=\"text\"> Gi\u00e1 ch\u1ec9: #1790k\/01 kh\u00e1ch <\/span><\/p>\n<p><span class=\"emoji-sizer emoji-outer \">\u274e<\/span><span class=\"text\"> Kh\u1edfi H\u00e0nh: 19\/10 ; 23\/11 ; 21\/12 ; 28\/12 # 1790k <\/span><\/p>\n<p><span class=\"emoji-sizer emoji-outer \">\u274e<\/span><span class=\"text\"> Kh\u1edfi h\u00e0nh M\u1ed3ng 4 t\u1ebft : 01\/2 # 1.990k <\/span><\/p>\n<p><span class=\"text\">\u0110i\u1ec3m \u0111\u00f3n t\u1eeb: TP H\u00e0 N\u1ed9i ; TP B\u1eafc Ninh <\/span><\/p>\n<p><span class=\"text\">\ud835\udc03\ud835\udc08\u0323\ud835\udc02\ud835\udc07 \ud835\udc15\ud835\udc14\u0323 \ud835\udc13\ud835\udc11\ud835\udc0e\u0323\ud835\udc0d \ud835\udc06\ud835\udc0e\u0301\ud835\udc08 \ud835\udc01\ud835\udc00\ud835\udc0e \ud835\udc06\ud835\udc0e\u0302\u0300\ud835\udc0c: <\/span><\/p>\n<p><span class=\"text\">1. Xe 29 ch\u1ed7 \u0111\u01b0a \u0111\u00f3n theo ch\u01b0\u01a1ng tr\u00ecnh <\/span><\/p>\n<p><span class=\"text\">2. HDV su\u1ed1t tuy\u1ebfn nhi\u1ec7t t\u00ecnh vui v\u1ebb <\/span><\/p>\n<p><span class=\"text\">3. 01 \u0111\u00eam t\u1ea1i kh\u00e1ch s\u1ea1n 4 sao Phoenix M\u1ed9c Ch\u00e2u <\/span><\/p>\n<p><span class=\"text\">4. \u0102n 1 b\u1eefa s\u00e1ng buffet &amp; 3 b\u1eefa ch\u00ednh theo h\u00e0nh tr\u00ecnh <\/span><\/p>\n<p><span class=\"text\">5. N\u01b0\u1edbc u\u1ed1ng mi\u1ec5n ph\u00ed tr\u00ean xe <\/span><\/p>\n<p><span class=\"text\">6. B\u1ea3o hi\u1ec3m du l\u1ecbch <\/span><\/p>\n<p><span class=\"text\">7. V\u00e9 tham quan r\u1eebng th\u00f4ng b\u1ea3n \u00e1ng , Th\u00e1c d\u1ea3i y\u1ebfm<\/span><\/p>\n","protected":false},"featured_media":1013,"comment_status":"open","ping_status":"closed","template":"","meta":[],"product_brand":[],"product_cat":[57],"product_tag":[119,115,118,116,117,120,114],"class_list":{"0":"post-993","1":"product","2":"type-product","3":"status-publish","4":"has-post-thumbnail","6":"product_cat-tour-noi-bat","7":"product_tag-dia-diem-du-lich-gan-ha-noi","8":"product_tag-moc-chau-co-gi","9":"product_tag-moc-chau-dip-tet","10":"product_tag-moc-chau-thang-11","11":"product_tag-moc-chau-thang-12","12":"product_tag-mua-dep-nhat-moc-chau","13":"product_tag-tour-ha-noi-moc-chau","15":"first","16":"instock","17":"shipping-taxable","18":"purchasable","19":"product-type-simple"},"_links":{"self":[{"href":"https:\/\/dulichngoisao.com\/index.php?rest_route=\/wp\/v2\/product\/993","targetHints":{"allow":["GET"]}}],"collection":[{"href":"https:\/\/dulichngoisao.com\/index.php?rest_route=\/wp\/v2\/product"}],"about":[{"href":"https:\/\/dulichngoisao.com\/index.php?rest_route=\/wp\/v2\/types\/product"}],"replies":[{"embeddable":true,"href":"https:\/\/dulichngoisao.com\/index.php?rest_route=%2Fwp%2Fv2%2Fcomments&post=993"}],"wp:featuredmedia":[{"embeddable":true,"href":"https:\/\/dulichngoisao.com\/index.php?rest_route=\/wp\/v2\/media\/1013"}],"wp:attachment":[{"href":"https:\/\/dulichngoisao.com\/index.php?rest_route=%2Fwp%2Fv2%2Fmedia&parent=993"}],"wp:term":[{"taxonomy":"product_brand","embeddable":true,"href":"https:\/\/dulichngoisao.com\/index.php?rest_route=%2Fwp%2Fv2%2Fproduct_brand&post=993"},{"taxonomy":"product_cat","embeddable":true,"href":"https:\/\/dulichngoisao.com\/index.php?rest_route=%2Fwp%2Fv2%2Fproduct_cat&post=993"},{"taxonomy":"product_tag","embeddable":true,"href":"https:\/\/dulichngoisao.com\/index.php?rest_route=%2Fwp%2Fv2%2Fproduct_tag&post=993"}],"curies":[{"name":"wp","href":"https:\/\/api.w.org\/{rel}","templated":true}]}}